{"id":2294,"date":"2020-01-05T01:44:16","date_gmt":"2020-01-05T00:44:16","guid":{"rendered":"https:\/\/motorutapirineos.com\/?page_id=2294"},"modified":"2024-07-09T22:59:33","modified_gmt":"2024-07-09T20:59:33","slug":"slow-travel-neuroblastoma","status":"publish","type":"page","link":"https:\/\/motorutapirineos.com\/?page_id=2294","title":{"rendered":"SLOW TRAVEL NEUROBLASTOMA"},"content":{"rendered":"<p>[vc_row][vc_column][vc_single_image image=\u00bb3625&#8243; img_size=\u00bb817X448&#8243; add_caption=\u00bbyes\u00bb alignment=\u00bbcenter\u00bb style=\u00bbvc_box_shadow\u00bb onclick=\u00bbcustom_link\u00bb img_link_target=\u00bb_blank\u00bb title=\u00bbSlow Travel por la Fundaci\u00f3n Neuroblastoma\u00bb link=\u00bbhttps:\/\/www.fneuroblastoma.org\/slow-travel-por-la-fundacion-neuroblastoma\/\u00bb][\/vc_column][\/vc_row][vc_row][vc_column][\/vc_column][\/vc_row]<\/p>\n","protected":false},"excerpt":{"rendered":"<p>[vc_row][vc_column][vc_single_image image=\u00bb3625&#8243; img_size=\u00bb817X448&#8243; add_caption=\u00bbyes\u00bb alignment=\u00bbcenter\u00bb style=\u00bbvc_box_shadow\u00bb onclick=\u00bbcustom_link\u00bb img_link_target=\u00bb_blank\u00bb title=\u00bbSlow Travel por la Fundaci\u00f3n Neuroblastoma\u00bb link=\u00bbhttps:\/\/www.fneuroblastoma.org\/slow-travel-por-la-fundacion-neuroblastoma\/\u00bb][\/vc_column][\/vc_row][vc_row][vc_column][\/vc_column][\/vc_row]<\/p>\n","protected":false},"author":1,"featured_media":0,"parent":0,"menu_order":0,"comment_status":"closed","ping_status":"closed","template":"","meta":[],"class_list":["post-2294","page","type-page","status-publish","hentry","description-off"],"yoast_head":"<!-- This site is optimized with the Yoast SEO plugin v24.3 - https:\/\/yoast.com\/wordpress\/plugins\/seo\/ -->\n<title>SLOW TRAVEL NEUROBLASTOMA - Moto Ruta Pirineos<\/title>\n<meta name=\"description\" content=\"COMBINACI\u00d3N PERFECTA: SLOW TRAVEL POR EL NEUROBLASTOMA: CUIDAR EL MEDIO AMBIENTE Y CONSEGUIR FONDOS PARA LA INVESTIGACI\u00d3N DEL C\u00c1NCER INFANTIL\" \/>\n<meta name=\"robots\" content=\"index, follow, max-snippet:-1, max-image-preview:large, max-video-preview:-1\" \/>\n<link rel=\"canonical\" href=\"https:\/\/motorutapirineos.com\/?page_id=2294\" \/>\n<meta property=\"og:locale\" content=\"es_ES\" \/>\n<meta property=\"og:type\" content=\"article\" \/>\n<meta property=\"og:title\" content=\"SLOW TRAVEL NEUROBLASTOMA - Moto Ruta Pirineos\" \/>\n<meta property=\"og:description\" content=\"COMBINACI\u00d3N PERFECTA: SLOW TRAVEL POR EL NEUROBLASTOMA: CUIDAR EL MEDIO AMBIENTE Y CONSEGUIR FONDOS PARA LA INVESTIGACI\u00d3N DEL C\u00c1NCER INFANTIL\" \/>\n<meta property=\"og:url\" content=\"https:\/\/motorutapirineos.com\/?page_id=2294\" \/>\n<meta property=\"og:site_name\" content=\"Moto Ruta Pirineos\" \/>\n<meta property=\"article:modified_time\" content=\"2024-07-09T20:59:33+00:00\" \/>\n<meta name=\"twitter:card\" content=\"summary_large_image\" \/>\n<meta name=\"twitter:label1\" content=\"Tiempo de lectura\" \/>\n\t<meta name=\"twitter:data1\" content=\"1 minuto\" \/>\n<script type=\"application\/ld+json\" class=\"yoast-schema-graph\">{\"@context\":\"https:\/\/schema.org\",\"@graph\":[{\"@type\":\"WebPage\",\"@id\":\"https:\/\/motorutapirineos.com\/?page_id=2294\",\"url\":\"https:\/\/motorutapirineos.com\/?page_id=2294\",\"name\":\"SLOW TRAVEL NEUROBLASTOMA - Moto Ruta Pirineos\",\"isPartOf\":{\"@id\":\"https:\/\/motorutapirineos.com\/#website\"},\"datePublished\":\"2020-01-05T00:44:16+00:00\",\"dateModified\":\"2024-07-09T20:59:33+00:00\",\"description\":\"COMBINACI\u00d3N PERFECTA: SLOW TRAVEL POR EL NEUROBLASTOMA: CUIDAR EL MEDIO AMBIENTE Y CONSEGUIR FONDOS PARA LA INVESTIGACI\u00d3N DEL C\u00c1NCER INFANTIL\",\"inLanguage\":\"es\",\"potentialAction\":[{\"@type\":\"ReadAction\",\"target\":[\"https:\/\/motorutapirineos.com\/?page_id=2294\"]}]},{\"@type\":\"WebSite\",\"@id\":\"https:\/\/motorutapirineos.com\/#website\",\"url\":\"https:\/\/motorutapirineos.com\/\",\"name\":\"Moto Ruta Pirineos\",\"description\":\"Ruta para motos y alojamiento para moteros\",\"potentialAction\":[{\"@type\":\"SearchAction\",\"target\":{\"@type\":\"EntryPoint\",\"urlTemplate\":\"https:\/\/motorutapirineos.com\/?s={search_term_string}\"},\"query-input\":{\"@type\":\"PropertyValueSpecification\",\"valueRequired\":true,\"valueName\":\"search_term_string\"}}],\"inLanguage\":\"es\"}]}<\/script>\n<!-- \/ Yoast SEO plugin. -->","yoast_head_json":{"title":"SLOW TRAVEL NEUROBLASTOMA - Moto Ruta Pirineos","description":"COMBINACI\u00d3N PERFECTA: SLOW TRAVEL POR EL NEUROBLASTOMA: CUIDAR EL MEDIO AMBIENTE Y CONSEGUIR FONDOS PARA LA INVESTIGACI\u00d3N DEL C\u00c1NCER INFANTIL","robots":{"index":"index","follow":"follow","max-snippet":"max-snippet:-1","max-image-preview":"max-image-preview:large","max-video-preview":"max-video-preview:-1"},"canonical":"https:\/\/motorutapirineos.com\/?page_id=2294","og_locale":"es_ES","og_type":"article","og_title":"SLOW TRAVEL NEUROBLASTOMA - Moto Ruta Pirineos","og_description":"COMBINACI\u00d3N PERFECTA: SLOW TRAVEL POR EL NEUROBLASTOMA: CUIDAR EL MEDIO AMBIENTE Y CONSEGUIR FONDOS PARA LA INVESTIGACI\u00d3N DEL C\u00c1NCER INFANTIL","og_url":"https:\/\/motorutapirineos.com\/?page_id=2294","og_site_name":"Moto Ruta Pirineos","article_modified_time":"2024-07-09T20:59:33+00:00","twitter_card":"summary_large_image","twitter_misc":{"Tiempo de lectura":"1 minuto"},"schema":{"@context":"https:\/\/schema.org","@graph":[{"@type":"WebPage","@id":"https:\/\/motorutapirineos.com\/?page_id=2294","url":"https:\/\/motorutapirineos.com\/?page_id=2294","name":"SLOW TRAVEL NEUROBLASTOMA - Moto Ruta Pirineos","isPartOf":{"@id":"https:\/\/motorutapirineos.com\/#website"},"datePublished":"2020-01-05T00:44:16+00:00","dateModified":"2024-07-09T20:59:33+00:00","description":"COMBINACI\u00d3N PERFECTA: SLOW TRAVEL POR EL NEUROBLASTOMA: CUIDAR EL MEDIO AMBIENTE Y CONSEGUIR FONDOS PARA LA INVESTIGACI\u00d3N DEL C\u00c1NCER INFANTIL","inLanguage":"es","potentialAction":[{"@type":"ReadAction","target":["https:\/\/motorutapirineos.com\/?page_id=2294"]}]},{"@type":"WebSite","@id":"https:\/\/motorutapirineos.com\/#website","url":"https:\/\/motorutapirineos.com\/","name":"Moto Ruta Pirineos","description":"Ruta para motos y alojamiento para moteros","potentialAction":[{"@type":"SearchAction","target":{"@type":"EntryPoint","urlTemplate":"https:\/\/motorutapirineos.com\/?s={search_term_string}"},"query-input":{"@type":"PropertyValueSpecification","valueRequired":true,"valueName":"search_term_string"}}],"inLanguage":"es"}]}},"_links":{"self":[{"href":"https:\/\/motorutapirineos.com\/index.php?rest_route=\/wp\/v2\/pages\/2294","targetHints":{"allow":["GET"]}}],"collection":[{"href":"https:\/\/motorutapirineos.com\/index.php?rest_route=\/wp\/v2\/pages"}],"about":[{"href":"https:\/\/motorutapirineos.com\/index.php?rest_route=\/wp\/v2\/types\/page"}],"author":[{"embeddable":true,"href":"https:\/\/motorutapirineos.com\/index.php?rest_route=\/wp\/v2\/users\/1"}],"replies":[{"embeddable":true,"href":"https:\/\/motorutapirineos.com\/index.php?rest_route=%2Fwp%2Fv2%2Fcomments&post=2294"}],"version-history":[{"count":31,"href":"https:\/\/motorutapirineos.com\/index.php?rest_route=\/wp\/v2\/pages\/2294\/revisions"}],"predecessor-version":[{"id":3635,"href":"https:\/\/motorutapirineos.com\/index.php?rest_route=\/wp\/v2\/pages\/2294\/revisions\/3635"}],"wp:attachment":[{"href":"https:\/\/motorutapirineos.com\/index.php?rest_route=%2Fwp%2Fv2%2Fmedia&parent=2294"}],"curies":[{"name":"wp","href":"https:\/\/api.w.org\/{rel}","templated":true}]}}