{"id":2285,"date":"2020-01-04T21:26:36","date_gmt":"2020-01-04T20:26:36","guid":{"rendered":"https:\/\/motorutapirineos.com\/?page_id=2285"},"modified":"2022-02-25T13:45:48","modified_gmt":"2022-02-25T12:45:48","slug":"politica-de-privacidad","status":"publish","type":"page","link":"https:\/\/motorutapirineos.com\/?page_id=2285","title":{"rendered":"Pol\u00edtica de Privacidad"},"content":{"rendered":"<p>[vc_row][vc_column][vc_column_text]<\/p>\n<p align=\"justify\">En cumplimiento de la Ley Org\u00e1nica 15\/1999 y la Ley 34\/2002, de 11 de julio, de Servicios de la Sociedad y de la Informaci\u00f3n y de Comercio Electr\u00f3nico, y dem\u00e1s legislaci\u00f3n vigente en materia de Protecci\u00f3n de Datos le informamos que los datos personales que usted nos facilite se incorporar\u00e1n al fichero titularidad de motorutapirineos.com.<\/p>\n<p>Si no nos indica lo contrario, en el futuro podremos remitirle a trav\u00e9s nuestro o de terceras entidades informaci\u00f3n, publicidad, ofertas y propuestas comerciales de forma no abusiva relacionadas con el turismo.<\/p>\n<p align=\"justify\">Dichas ofertas s\u00f3lo ser\u00e1n remitidas a trav\u00e9s de su e-mail.<\/p>\n<p align=\"justify\">En todo caso, le informamos que, en cualquier momento, usted podr\u00e1 oponerse a la recepci\u00f3n de dichas comunicaciones u ofertas, as\u00ed como ejercitar sus derechos, acceso, rectificaci\u00f3n, cancelaci\u00f3n y oposici\u00f3n mediante simple comunicaci\u00f3n a la direcci\u00f3n que aparece seguidamente.<\/p>\n<p><span class=\"justificado\"><br \/>\nAdministradores de la Werb<br \/>\nMoto Ruta Pirineos<br \/>\nCalle \u00danica, 6<br \/>\nBada\u00edn (Huesca)<br \/>\nESPA\u00d1A<br \/>\nTel. +34 648 248 111<br \/>\ne-mail: <strong><a href=\"mailto:rutometro.tomas@gmail.com\" target=\"_blank\" rel=\"noopener noreferrer\">rutometro.tomas@gmail.com<\/a>\u00a0\u00a0<\/strong><\/span>[\/vc_column_text][\/vc_column][\/vc_row]<\/p>\n","protected":false},"excerpt":{"rendered":"<p>[vc_row][vc_column][vc_column_text] En cumplimiento de la Ley Org\u00e1nica 15\/1999 y la Ley 34\/2002, de 11 de julio, de Servicios de la Sociedad y de la Informaci\u00f3n y de Comercio Electr\u00f3nico, y dem\u00e1s legislaci\u00f3n vigente en materia de Protecci\u00f3n de Datos le informamos que los datos personales que usted nos facilite se incorporar\u00e1n al fichero titularidad de&hellip;<\/p>\n","protected":false},"author":1,"featured_media":0,"parent":0,"menu_order":0,"comment_status":"closed","ping_status":"closed","template":"","meta":[],"class_list":["post-2285","page","type-page","status-publish","hentry","description-off"],"yoast_head":"<!-- This site is optimized with the Yoast SEO plugin v24.3 - https:\/\/yoast.com\/wordpress\/plugins\/seo\/ -->\n<title>Pol\u00edtica de Privacidad<\/title>\n<meta name=\"robots\" content=\"index, follow, max-snippet:-1, max-image-preview:large, max-video-preview:-1\" \/>\n<link rel=\"canonical\" href=\"https:\/\/motorutapirineos.com\/?page_id=2285\" \/>\n<meta property=\"og:locale\" content=\"es_ES\" \/>\n<meta property=\"og:type\" content=\"article\" \/>\n<meta property=\"og:title\" content=\"Pol\u00edtica de Privacidad\" \/>\n<meta property=\"og:description\" content=\"[vc_row][vc_column][vc_column_text] En cumplimiento de la Ley Org\u00e1nica 15\/1999 y la Ley 34\/2002, de 11 de julio, de Servicios de la Sociedad y de la Informaci\u00f3n y de Comercio Electr\u00f3nico, y dem\u00e1s legislaci\u00f3n vigente en materia de Protecci\u00f3n de Datos le informamos que los datos personales que usted nos facilite se incorporar\u00e1n al fichero titularidad de&hellip;\" \/>\n<meta property=\"og:url\" content=\"https:\/\/motorutapirineos.com\/?page_id=2285\" \/>\n<meta property=\"og:site_name\" content=\"Moto Ruta Pirineos\" \/>\n<meta property=\"article:modified_time\" content=\"2022-02-25T12:45:48+00:00\" \/>\n<meta name=\"twitter:card\" content=\"summary_large_image\" \/>\n<meta name=\"twitter:label1\" content=\"Tiempo de lectura\" \/>\n\t<meta name=\"twitter:data1\" content=\"1 minuto\" \/>\n<script type=\"application\/ld+json\" class=\"yoast-schema-graph\">{\"@context\":\"https:\/\/schema.org\",\"@graph\":[{\"@type\":\"WebPage\",\"@id\":\"https:\/\/motorutapirineos.com\/?page_id=2285\",\"url\":\"https:\/\/motorutapirineos.com\/?page_id=2285\",\"name\":\"Pol\u00edtica de Privacidad\",\"isPartOf\":{\"@id\":\"https:\/\/motorutapirineos.com\/#website\"},\"datePublished\":\"2020-01-04T20:26:36+00:00\",\"dateModified\":\"2022-02-25T12:45:48+00:00\",\"inLanguage\":\"es\",\"potentialAction\":[{\"@type\":\"ReadAction\",\"target\":[\"https:\/\/motorutapirineos.com\/?page_id=2285\"]}]},{\"@type\":\"WebSite\",\"@id\":\"https:\/\/motorutapirineos.com\/#website\",\"url\":\"https:\/\/motorutapirineos.com\/\",\"name\":\"Moto Ruta Pirineos\",\"description\":\"Ruta para motos y alojamiento para moteros\",\"potentialAction\":[{\"@type\":\"SearchAction\",\"target\":{\"@type\":\"EntryPoint\",\"urlTemplate\":\"https:\/\/motorutapirineos.com\/?s={search_term_string}\"},\"query-input\":{\"@type\":\"PropertyValueSpecification\",\"valueRequired\":true,\"valueName\":\"search_term_string\"}}],\"inLanguage\":\"es\"}]}<\/script>\n<!-- \/ Yoast SEO plugin. -->","yoast_head_json":{"title":"Pol\u00edtica de Privacidad","robots":{"index":"index","follow":"follow","max-snippet":"max-snippet:-1","max-image-preview":"max-image-preview:large","max-video-preview":"max-video-preview:-1"},"canonical":"https:\/\/motorutapirineos.com\/?page_id=2285","og_locale":"es_ES","og_type":"article","og_title":"Pol\u00edtica de Privacidad","og_description":"[vc_row][vc_column][vc_column_text] En cumplimiento de la Ley Org\u00e1nica 15\/1999 y la Ley 34\/2002, de 11 de julio, de Servicios de la Sociedad y de la Informaci\u00f3n y de Comercio Electr\u00f3nico, y dem\u00e1s legislaci\u00f3n vigente en materia de Protecci\u00f3n de Datos le informamos que los datos personales que usted nos facilite se incorporar\u00e1n al fichero titularidad de&hellip;","og_url":"https:\/\/motorutapirineos.com\/?page_id=2285","og_site_name":"Moto Ruta Pirineos","article_modified_time":"2022-02-25T12:45:48+00:00","twitter_card":"summary_large_image","twitter_misc":{"Tiempo de lectura":"1 minuto"},"schema":{"@context":"https:\/\/schema.org","@graph":[{"@type":"WebPage","@id":"https:\/\/motorutapirineos.com\/?page_id=2285","url":"https:\/\/motorutapirineos.com\/?page_id=2285","name":"Pol\u00edtica de Privacidad","isPartOf":{"@id":"https:\/\/motorutapirineos.com\/#website"},"datePublished":"2020-01-04T20:26:36+00:00","dateModified":"2022-02-25T12:45:48+00:00","inLanguage":"es","potentialAction":[{"@type":"ReadAction","target":["https:\/\/motorutapirineos.com\/?page_id=2285"]}]},{"@type":"WebSite","@id":"https:\/\/motorutapirineos.com\/#website","url":"https:\/\/motorutapirineos.com\/","name":"Moto Ruta Pirineos","description":"Ruta para motos y alojamiento para moteros","potentialAction":[{"@type":"SearchAction","target":{"@type":"EntryPoint","urlTemplate":"https:\/\/motorutapirineos.com\/?s={search_term_string}"},"query-input":{"@type":"PropertyValueSpecification","valueRequired":true,"valueName":"search_term_string"}}],"inLanguage":"es"}]}},"_links":{"self":[{"href":"https:\/\/motorutapirineos.com\/index.php?rest_route=\/wp\/v2\/pages\/2285","targetHints":{"allow":["GET"]}}],"collection":[{"href":"https:\/\/motorutapirineos.com\/index.php?rest_route=\/wp\/v2\/pages"}],"about":[{"href":"https:\/\/motorutapirineos.com\/index.php?rest_route=\/wp\/v2\/types\/page"}],"author":[{"embeddable":true,"href":"https:\/\/motorutapirineos.com\/index.php?rest_route=\/wp\/v2\/users\/1"}],"replies":[{"embeddable":true,"href":"https:\/\/motorutapirineos.com\/index.php?rest_route=%2Fwp%2Fv2%2Fcomments&post=2285"}],"version-history":[{"count":5,"href":"https:\/\/motorutapirineos.com\/index.php?rest_route=\/wp\/v2\/pages\/2285\/revisions"}],"predecessor-version":[{"id":3500,"href":"https:\/\/motorutapirineos.com\/index.php?rest_route=\/wp\/v2\/pages\/2285\/revisions\/3500"}],"wp:attachment":[{"href":"https:\/\/motorutapirineos.com\/index.php?rest_route=%2Fwp%2Fv2%2Fmedia&parent=2285"}],"curies":[{"name":"wp","href":"https:\/\/api.w.org\/{rel}","templated":true}]}}