{"id":2283,"date":"2020-01-04T21:24:28","date_gmt":"2020-01-04T20:24:28","guid":{"rendered":"https:\/\/motorutapirineos.com\/?page_id=2283"},"modified":"2022-02-25T13:42:16","modified_gmt":"2022-02-25T12:42:16","slug":"aviso-legal","status":"publish","type":"page","link":"https:\/\/motorutapirineos.com\/?page_id=2283","title":{"rendered":"Aviso Legal"},"content":{"rendered":"<p>[vc_row][vc_column][vc_column_text]<\/p>\n<p align=\"justify\">1) motorutapirineos.com es una web dise\u00f1ada para ofrecer informaci\u00f3n sobre el Hotel y los servicios que ofrece.<\/p>\n<p align=\"justify\">2) Todos los derechos de propiedad industrial e intelectual de la web motorutapirineos.com, incluyendo en su caso el material gr\u00e1fico, textos, audio, v\u00eddeo, software, etc. son propiedad de Monte Perdido Extrem, S.L (la empresa gestora del Hotel) o est\u00e1n licenciados o cedidos en su favor.<\/p>\n<p align=\"justify\">3) El acceso y utilizaci\u00f3n a las informaciones, servicios y contenidos propios de motorutapirineos.com es de car\u00e1cter gratuito. El libre acceso, no implica licencia para su reproducci\u00f3n, retransmisi\u00f3n, copia, cesi\u00f3n, redifusi\u00f3n y\/o distribuci\u00f3n, total o parcialmente, por cualquier medio o soporte, cualquiera que fuese su finalidad, salvo consentimiento expreso de sus titulares. A\u00fan as\u00ed, siempre habr\u00e1 que nombrar la fuente de donde se extrajo.<\/p>\n<p align=\"justify\">4) El usuario de motorutapirineos.com no est\u00e1 autorizado para lucrarse con la informaci\u00f3n que se haya en \u00e9l, ni podr\u00e1 tomar los contenidos para transformarlos ni modificarlos.<\/p>\n<p align=\"justify\">5) motorutapirineos.com no se responsabiliza directa ni indirectamente de los contenidos proporcionados por terceras personas ni de cuantas reclamaciones se deriven de los mismos, ya sea por su fiabilidad, exactitud, calidad o por cualquier otras causas.<\/p>\n<p align=\"justify\">6) motorutapirineos.com con motivo de ampliar la m\u00e1xima informaci\u00f3n de nuestro entorno facilita enlaces, hiperv\u00ednculos y banners a otros sitios web o p\u00e1ginas externas, sobre las que la sociedad propietaria de esta web no tiene control alguno, por lo que declina toda responsabilidad por cualquier clase de perjuicio que se le pudiera ocasionar al interesado o usuario.<\/p>\n<p align=\"justify\">7) Los clientes del Hotel o usuarios de esta web s\u00f3lo deber\u00e1n aportar los datos confidenciales que se precisen en el formulario para concluir las reservas de este alojamiento y\/o los eventos que organiza. Se recomienda a los usuarios no aportar datos confidenciales en los aportados: redes sociales, galer\u00eda fotogr\u00e1fica y v\u00eddeo. Los usuarios ser\u00e1n los \u00fanicos responsables de cualquier incidencia que se pueda producir como consecuencia de la omisi\u00f3n de esta advertencia.<\/p>\n<p align=\"justify\">8) A pesar de que las sociedades propietarias de motorutapirineos.com se esfuerzan por preservar su sitio libre de virus inform\u00e1ticos, no puede ofrecer garant\u00edas, por lo que no puede responsabilizarse de las p\u00e9rdidas o da\u00f1os que puedan ocasionar como resultado de los mismos.<\/p>\n<p align=\"justify\">9) El usuario se compromete a utilizar adecuadamente todos los servicios y\/o contenidos que en cada momento est\u00e9n disponibles. Particularmente, y con car\u00e1cter no enunciativo, se compromete:<\/p>\n<ul>\n<li>\n<p align=\"justify\">A no difundir ni distribuir contenidos de car\u00e1cter il\u00edcito, pornogr\u00e1fico, racista, xen\u00f3fobo o contrarios a los derechos de los menores, a la moral, a la buena fe y al orden p\u00fablico.<\/p>\n<\/li>\n<li>\n<p align=\"justify\">A no utilizar medios f\u00edsicos o l\u00f3gicos que puedan provocar da\u00f1os en la web o a otros usuarios.<\/p>\n<\/li>\n<li>\n<p align=\"justify\">A no introducir ni difundir virus inform\u00e1ticos o programas da\u00f1inos en o a trav\u00e9s de la web.<\/p>\n<\/li>\n<\/ul>\n<p align=\"justify\">Las sociedades propietarias de la web motorutapirineos.com se reservan el derecho a modificar y\/o cancelar total o parcialmente los contenidos il\u00edcitos o contrarios que han expuesto anteriormente, sin necesidad de notificaci\u00f3n de ning\u00fan tipo a los responsables, reserv\u00e1ndose, incluso el derecho a exigir indemnizaci\u00f3n por los da\u00f1os y perjuicios de toda \u00edndole que le hubiese podido ocasionar.<\/p>\n<p align=\"justify\">10) Los participantes de los eventos de motor que organiza motorutapirineos.com, bien sea en motocicleta o autom\u00f3vil, deber\u00e1n cumplir el c\u00f3digo de circulaci\u00f3n en todo momento. Nuestros eventos no son pruebas de velocidad. Penalizaremos a quien se salte las normas de circulaci\u00f3n. La organizaci\u00f3n no se har\u00e1 responsable de sus malos actos en las v\u00edas p\u00fablicas.<\/p>\n<p>[\/vc_column_text][\/vc_column][\/vc_row]<\/p>\n","protected":false},"excerpt":{"rendered":"<p>[vc_row][vc_column][vc_column_text] 1) motorutapirineos.com es una web dise\u00f1ada para ofrecer informaci\u00f3n sobre el Hotel y los servicios que ofrece. 2) Todos los derechos de propiedad industrial e intelectual de la web motorutapirineos.com, incluyendo en su caso el material gr\u00e1fico, textos, audio, v\u00eddeo, software, etc. son propiedad de Monte Perdido Extrem, S.L (la empresa gestora del Hotel)&hellip;<\/p>\n","protected":false},"author":1,"featured_media":0,"parent":0,"menu_order":0,"comment_status":"closed","ping_status":"closed","template":"","meta":[],"class_list":["post-2283","page","type-page","status-publish","hentry","description-off"],"yoast_head":"<!-- This site is optimized with the Yoast SEO plugin v24.3 - https:\/\/yoast.com\/wordpress\/plugins\/seo\/ -->\n<title>Aviso Legal - Moto Ruta Pirineos<\/title>\n<meta name=\"robots\" content=\"index, follow, max-snippet:-1, max-image-preview:large, max-video-preview:-1\" \/>\n<link rel=\"canonical\" href=\"https:\/\/motorutapirineos.com\/?page_id=2283\" \/>\n<meta property=\"og:locale\" content=\"es_ES\" \/>\n<meta property=\"og:type\" content=\"article\" \/>\n<meta property=\"og:title\" content=\"Aviso Legal - Moto Ruta Pirineos\" \/>\n<meta property=\"og:description\" content=\"[vc_row][vc_column][vc_column_text] 1) motorutapirineos.com es una web dise\u00f1ada para ofrecer informaci\u00f3n sobre el Hotel y los servicios que ofrece. 2) Todos los derechos de propiedad industrial e intelectual de la web motorutapirineos.com, incluyendo en su caso el material gr\u00e1fico, textos, audio, v\u00eddeo, software, etc. son propiedad de Monte Perdido Extrem, S.L (la empresa gestora del Hotel)&hellip;\" \/>\n<meta property=\"og:url\" content=\"https:\/\/motorutapirineos.com\/?page_id=2283\" \/>\n<meta property=\"og:site_name\" content=\"Moto Ruta Pirineos\" \/>\n<meta property=\"article:modified_time\" content=\"2022-02-25T12:42:16+00:00\" \/>\n<meta name=\"twitter:card\" content=\"summary_large_image\" \/>\n<meta name=\"twitter:label1\" content=\"Tiempo de lectura\" \/>\n\t<meta name=\"twitter:data1\" content=\"3 minutos\" \/>\n<script type=\"application\/ld+json\" class=\"yoast-schema-graph\">{\"@context\":\"https:\/\/schema.org\",\"@graph\":[{\"@type\":\"WebPage\",\"@id\":\"https:\/\/motorutapirineos.com\/?page_id=2283\",\"url\":\"https:\/\/motorutapirineos.com\/?page_id=2283\",\"name\":\"Aviso Legal - Moto Ruta Pirineos\",\"isPartOf\":{\"@id\":\"https:\/\/motorutapirineos.com\/#website\"},\"datePublished\":\"2020-01-04T20:24:28+00:00\",\"dateModified\":\"2022-02-25T12:42:16+00:00\",\"inLanguage\":\"es\",\"potentialAction\":[{\"@type\":\"ReadAction\",\"target\":[\"https:\/\/motorutapirineos.com\/?page_id=2283\"]}]},{\"@type\":\"WebSite\",\"@id\":\"https:\/\/motorutapirineos.com\/#website\",\"url\":\"https:\/\/motorutapirineos.com\/\",\"name\":\"Moto Ruta Pirineos\",\"description\":\"Ruta para motos y alojamiento para moteros\",\"potentialAction\":[{\"@type\":\"SearchAction\",\"target\":{\"@type\":\"EntryPoint\",\"urlTemplate\":\"https:\/\/motorutapirineos.com\/?s={search_term_string}\"},\"query-input\":{\"@type\":\"PropertyValueSpecification\",\"valueRequired\":true,\"valueName\":\"search_term_string\"}}],\"inLanguage\":\"es\"}]}<\/script>\n<!-- \/ Yoast SEO plugin. -->","yoast_head_json":{"title":"Aviso Legal - Moto Ruta Pirineos","robots":{"index":"index","follow":"follow","max-snippet":"max-snippet:-1","max-image-preview":"max-image-preview:large","max-video-preview":"max-video-preview:-1"},"canonical":"https:\/\/motorutapirineos.com\/?page_id=2283","og_locale":"es_ES","og_type":"article","og_title":"Aviso Legal - Moto Ruta Pirineos","og_description":"[vc_row][vc_column][vc_column_text] 1) motorutapirineos.com es una web dise\u00f1ada para ofrecer informaci\u00f3n sobre el Hotel y los servicios que ofrece. 2) Todos los derechos de propiedad industrial e intelectual de la web motorutapirineos.com, incluyendo en su caso el material gr\u00e1fico, textos, audio, v\u00eddeo, software, etc. son propiedad de Monte Perdido Extrem, S.L (la empresa gestora del Hotel)&hellip;","og_url":"https:\/\/motorutapirineos.com\/?page_id=2283","og_site_name":"Moto Ruta Pirineos","article_modified_time":"2022-02-25T12:42:16+00:00","twitter_card":"summary_large_image","twitter_misc":{"Tiempo de lectura":"3 minutos"},"schema":{"@context":"https:\/\/schema.org","@graph":[{"@type":"WebPage","@id":"https:\/\/motorutapirineos.com\/?page_id=2283","url":"https:\/\/motorutapirineos.com\/?page_id=2283","name":"Aviso Legal - Moto Ruta Pirineos","isPartOf":{"@id":"https:\/\/motorutapirineos.com\/#website"},"datePublished":"2020-01-04T20:24:28+00:00","dateModified":"2022-02-25T12:42:16+00:00","inLanguage":"es","potentialAction":[{"@type":"ReadAction","target":["https:\/\/motorutapirineos.com\/?page_id=2283"]}]},{"@type":"WebSite","@id":"https:\/\/motorutapirineos.com\/#website","url":"https:\/\/motorutapirineos.com\/","name":"Moto Ruta Pirineos","description":"Ruta para motos y alojamiento para moteros","potentialAction":[{"@type":"SearchAction","target":{"@type":"EntryPoint","urlTemplate":"https:\/\/motorutapirineos.com\/?s={search_term_string}"},"query-input":{"@type":"PropertyValueSpecification","valueRequired":true,"valueName":"search_term_string"}}],"inLanguage":"es"}]}},"_links":{"self":[{"href":"https:\/\/motorutapirineos.com\/index.php?rest_route=\/wp\/v2\/pages\/2283","targetHints":{"allow":["GET"]}}],"collection":[{"href":"https:\/\/motorutapirineos.com\/index.php?rest_route=\/wp\/v2\/pages"}],"about":[{"href":"https:\/\/motorutapirineos.com\/index.php?rest_route=\/wp\/v2\/types\/page"}],"author":[{"embeddable":true,"href":"https:\/\/motorutapirineos.com\/index.php?rest_route=\/wp\/v2\/users\/1"}],"replies":[{"embeddable":true,"href":"https:\/\/motorutapirineos.com\/index.php?rest_route=%2Fwp%2Fv2%2Fcomments&post=2283"}],"version-history":[{"count":3,"href":"https:\/\/motorutapirineos.com\/index.php?rest_route=\/wp\/v2\/pages\/2283\/revisions"}],"predecessor-version":[{"id":2364,"href":"https:\/\/motorutapirineos.com\/index.php?rest_route=\/wp\/v2\/pages\/2283\/revisions\/2364"}],"wp:attachment":[{"href":"https:\/\/motorutapirineos.com\/index.php?rest_route=%2Fwp%2Fv2%2Fmedia&parent=2283"}],"curies":[{"name":"wp","href":"https:\/\/api.w.org\/{rel}","templated":true}]}}