{"id":2277,"date":"2020-01-04T20:56:06","date_gmt":"2020-01-04T19:56:06","guid":{"rendered":"https:\/\/motorutapirineos.com\/?page_id=2277"},"modified":"2020-10-17T01:59:10","modified_gmt":"2020-10-16T23:59:10","slug":"rutas-off-road","status":"publish","type":"page","link":"https:\/\/motorutapirineos.com\/?page_id=2277","title":{"rendered":"Rutas off-road"},"content":{"rendered":"<p>[vc_row][vc_column width=\u00bb1\/6&#8243;][\/vc_column][vc_column width=\u00bb4\/6&#8243;][vc_row_inner el_class=\u00bbruta\u00bb][vc_column_inner width=\u00bb1\/3&#8243;][vc_single_image image=\u00bb2303&#8243; img_size=\u00bbfull\u00bb][\/vc_column_inner][vc_column_inner width=\u00bb2\/3&#8243;][vc_column_text]<\/p>\n<h3><strong>COLOSOS PIRENAICOS<\/strong><\/h3>\n<div class=\"_2cuy _3dgx _2vxa\">\n<div class=\"_2cuy _3dgx _2vxa\">\n<div class=\"_2cuy _3dgx _2vxa\"><strong>Colosos Pirenaicos<\/strong> es una ruta circular de 358 km apta s\u00f3lo para motocicleta trail\/maxitrail. <strong>\u00bfCu\u00e1ndo podr\u00e9is participar?<\/strong> de junio a octubre pod\u00e9is elegir la fecha que m\u00e1s se os acomode. <strong>Este fant\u00e1stica ruta<\/strong>, pretende acercaros en\u00a0<strong>on-road y off-road<\/strong>\u00a0a las mejores panor\u00e1micas del Aneto, Posets y Monte Perdido: los tres Colosos de los Pirineos<\/div>\n<div class=\"_2cuy _3dgx _2vxa\"><\/div>\n<\/div>\n<\/div>\n<div class=\"_2cuy _3dgx _2vxa\"><\/div>\n<p><a href=\"https:\/\/motorutapirineos.com\/colosos-pirenaicos\/\" target=\"_blank\" rel=\"noopener noreferrer\"><em>Leer m\u00e1s<\/em><\/a>[\/vc_column_text][\/vc_column_inner][\/vc_row_inner][vc_row_inner el_class=\u00bbruta\u00bb][vc_column_inner width=\u00bb1\/3&#8243;][vc_single_image image=\u00bb2329&#8243; img_size=\u00bbfull\u00bb][\/vc_column_inner][vc_column_inner width=\u00bb2\/3&#8243;][vc_column_text]<\/p>\n<h3><strong>TRACKS ENTRE PIEDRAS CON ALMA<\/strong><\/h3>\n<p>Tracks entre Piedras con Alma son rutas que discurren por zonas despobladas. La Comarca del Sobrarbe (que es donde nos encontramos nosotros) podr\u00edamos incluirla \u00aben la Espa\u00f1a vaciada\u00bb, muchos de sus pueblos est\u00e1n abandonados y otros, apenas tienen habitantes fuera de la temporada estival. Os proponemos diferentes rutas que os ir\u00e1n descubriendo poco a poco estos bell\u00edsimos e interesantes pueblos, que por uno u otro motivo se han quedado sin apenas habitantes e incluso algunos sin ning\u00fan ser viviente, quedando s\u00f3lo \u00abcuatro piedras en pie\u00bb.<\/p>\n<p><a href=\"https:\/\/motorutapirineos.com\/tracks-entre-piedras-con-alma\/\" target=\"_blank\" rel=\"noopener noreferrer\"><em>Leer m\u00e1s<\/em><\/a>[\/vc_column_text][\/vc_column_inner][\/vc_row_inner][vc_row_inner el_class=\u00bbruta\u00bb][vc_column_inner width=\u00bb1\/3&#8243;][vc_single_image image=\u00bb2251&#8243; img_size=\u00bbfull\u00bb][\/vc_column_inner][vc_column_inner width=\u00bb2\/3&#8243;][vc_column_text]<\/p>\n<h3><strong>RINCONES DEL SOBRARBE<\/strong><\/h3>\n<p>Esta ruta a\u00fana turismo y aventura \u00absin marchar muy lejos de casa\u00bb. Sus \u00abs\u00f3lo 225 km\u00bb ser\u00e1n suficientes para que pasar\u00e9is un d\u00eda bien completo.Entre los lugares a visitar est\u00e1 Torreciudad.<\/p>\n<p><a href=\"https:\/\/motorutapirineos.com\/rutas-off-road-rincones-del-sobrarbe\/\" target=\"_blank\" rel=\"noopener noreferrer\"><em>Leer m\u00e1s<\/em><\/a>[\/vc_column_text][\/vc_column_inner][\/vc_row_inner][\/vc_column][vc_column width=\u00bb1\/6&#8243;][\/vc_column][\/vc_row]<\/p>\n","protected":false},"excerpt":{"rendered":"<p>[vc_row][vc_column width=\u00bb1\/6&#8243;][\/vc_column][vc_column width=\u00bb4\/6&#8243;][vc_row_inner el_class=\u00bbruta\u00bb][vc_column_inner width=\u00bb1\/3&#8243;][vc_single_image image=\u00bb2303&#8243; img_size=\u00bbfull\u00bb][\/vc_column_inner][vc_column_inner width=\u00bb2\/3&#8243;][vc_column_text] COLOSOS PIRENAICOS Colosos Pirenaicos es una ruta circular de 358 km apta s\u00f3lo para motocicleta trail\/maxitrail. \u00bfCu\u00e1ndo podr\u00e9is participar? de junio a octubre pod\u00e9is elegir la fecha que m\u00e1s se os acomode. Este fant\u00e1stica ruta, pretende acercaros en\u00a0on-road y off-road\u00a0a las mejores panor\u00e1micas del Aneto, Posets y&hellip;<\/p>\n","protected":false},"author":1,"featured_media":0,"parent":0,"menu_order":0,"comment_status":"closed","ping_status":"closed","template":"","meta":[],"class_list":["post-2277","page","type-page","status-publish","hentry","description-off"],"yoast_head":"<!-- This site is optimized with the Yoast SEO plugin v24.3 - https:\/\/yoast.com\/wordpress\/plugins\/seo\/ -->\n<title>Rutas off-road - Moto Ruta Pirineos<\/title>\n<meta name=\"description\" content=\"Nuestras Rutas off-road os permitir\u00e1 adentraros al Pirineo m\u00e1s profundo . Moto Trail Entre Parques, Piedras con Alma, Rincones del Sobrarbe...\" \/>\n<meta name=\"robots\" content=\"index, follow, max-snippet:-1, max-image-preview:large, max-video-preview:-1\" \/>\n<link rel=\"canonical\" href=\"https:\/\/motorutapirineos.com\/?page_id=2277\" \/>\n<meta property=\"og:locale\" content=\"es_ES\" \/>\n<meta property=\"og:type\" content=\"article\" \/>\n<meta property=\"og:title\" content=\"Rutas off-road - Moto Ruta Pirineos\" \/>\n<meta property=\"og:description\" content=\"Nuestras Rutas off-road os permitir\u00e1 adentraros al Pirineo m\u00e1s profundo . Moto Trail Entre Parques, Piedras con Alma, Rincones del Sobrarbe...\" \/>\n<meta property=\"og:url\" content=\"https:\/\/motorutapirineos.com\/?page_id=2277\" \/>\n<meta property=\"og:site_name\" content=\"Moto Ruta Pirineos\" \/>\n<meta property=\"article:modified_time\" content=\"2020-10-16T23:59:10+00:00\" \/>\n<meta name=\"twitter:card\" content=\"summary_large_image\" \/>\n<meta name=\"twitter:label1\" content=\"Tiempo de lectura\" \/>\n\t<meta name=\"twitter:data1\" content=\"2 minutos\" \/>\n<script type=\"application\/ld+json\" class=\"yoast-schema-graph\">{\"@context\":\"https:\/\/schema.org\",\"@graph\":[{\"@type\":\"WebPage\",\"@id\":\"https:\/\/motorutapirineos.com\/?page_id=2277\",\"url\":\"https:\/\/motorutapirineos.com\/?page_id=2277\",\"name\":\"Rutas off-road - Moto Ruta Pirineos\",\"isPartOf\":{\"@id\":\"https:\/\/motorutapirineos.com\/#website\"},\"datePublished\":\"2020-01-04T19:56:06+00:00\",\"dateModified\":\"2020-10-16T23:59:10+00:00\",\"description\":\"Nuestras Rutas off-road os permitir\u00e1 adentraros al Pirineo m\u00e1s profundo . Moto Trail Entre Parques, Piedras con Alma, Rincones del Sobrarbe...\",\"inLanguage\":\"es\",\"potentialAction\":[{\"@type\":\"ReadAction\",\"target\":[\"https:\/\/motorutapirineos.com\/?page_id=2277\"]}]},{\"@type\":\"WebSite\",\"@id\":\"https:\/\/motorutapirineos.com\/#website\",\"url\":\"https:\/\/motorutapirineos.com\/\",\"name\":\"Moto Ruta Pirineos\",\"description\":\"Ruta para motos y alojamiento para moteros\",\"potentialAction\":[{\"@type\":\"SearchAction\",\"target\":{\"@type\":\"EntryPoint\",\"urlTemplate\":\"https:\/\/motorutapirineos.com\/?s={search_term_string}\"},\"query-input\":{\"@type\":\"PropertyValueSpecification\",\"valueRequired\":true,\"valueName\":\"search_term_string\"}}],\"inLanguage\":\"es\"}]}<\/script>\n<!-- \/ Yoast SEO plugin. -->","yoast_head_json":{"title":"Rutas off-road - Moto Ruta Pirineos","description":"Nuestras Rutas off-road os permitir\u00e1 adentraros al Pirineo m\u00e1s profundo . Moto Trail Entre Parques, Piedras con Alma, Rincones del Sobrarbe...","robots":{"index":"index","follow":"follow","max-snippet":"max-snippet:-1","max-image-preview":"max-image-preview:large","max-video-preview":"max-video-preview:-1"},"canonical":"https:\/\/motorutapirineos.com\/?page_id=2277","og_locale":"es_ES","og_type":"article","og_title":"Rutas off-road - Moto Ruta Pirineos","og_description":"Nuestras Rutas off-road os permitir\u00e1 adentraros al Pirineo m\u00e1s profundo . Moto Trail Entre Parques, Piedras con Alma, Rincones del Sobrarbe...","og_url":"https:\/\/motorutapirineos.com\/?page_id=2277","og_site_name":"Moto Ruta Pirineos","article_modified_time":"2020-10-16T23:59:10+00:00","twitter_card":"summary_large_image","twitter_misc":{"Tiempo de lectura":"2 minutos"},"schema":{"@context":"https:\/\/schema.org","@graph":[{"@type":"WebPage","@id":"https:\/\/motorutapirineos.com\/?page_id=2277","url":"https:\/\/motorutapirineos.com\/?page_id=2277","name":"Rutas off-road - Moto Ruta Pirineos","isPartOf":{"@id":"https:\/\/motorutapirineos.com\/#website"},"datePublished":"2020-01-04T19:56:06+00:00","dateModified":"2020-10-16T23:59:10+00:00","description":"Nuestras Rutas off-road os permitir\u00e1 adentraros al Pirineo m\u00e1s profundo . Moto Trail Entre Parques, Piedras con Alma, Rincones del Sobrarbe...","inLanguage":"es","potentialAction":[{"@type":"ReadAction","target":["https:\/\/motorutapirineos.com\/?page_id=2277"]}]},{"@type":"WebSite","@id":"https:\/\/motorutapirineos.com\/#website","url":"https:\/\/motorutapirineos.com\/","name":"Moto Ruta Pirineos","description":"Ruta para motos y alojamiento para moteros","potentialAction":[{"@type":"SearchAction","target":{"@type":"EntryPoint","urlTemplate":"https:\/\/motorutapirineos.com\/?s={search_term_string}"},"query-input":{"@type":"PropertyValueSpecification","valueRequired":true,"valueName":"search_term_string"}}],"inLanguage":"es"}]}},"_links":{"self":[{"href":"https:\/\/motorutapirineos.com\/index.php?rest_route=\/wp\/v2\/pages\/2277","targetHints":{"allow":["GET"]}}],"collection":[{"href":"https:\/\/motorutapirineos.com\/index.php?rest_route=\/wp\/v2\/pages"}],"about":[{"href":"https:\/\/motorutapirineos.com\/index.php?rest_route=\/wp\/v2\/types\/page"}],"author":[{"embeddable":true,"href":"https:\/\/motorutapirineos.com\/index.php?rest_route=\/wp\/v2\/users\/1"}],"replies":[{"embeddable":true,"href":"https:\/\/motorutapirineos.com\/index.php?rest_route=%2Fwp%2Fv2%2Fcomments&post=2277"}],"version-history":[{"count":18,"href":"https:\/\/motorutapirineos.com\/index.php?rest_route=\/wp\/v2\/pages\/2277\/revisions"}],"predecessor-version":[{"id":2700,"href":"https:\/\/motorutapirineos.com\/index.php?rest_route=\/wp\/v2\/pages\/2277\/revisions\/2700"}],"wp:attachment":[{"href":"https:\/\/motorutapirineos.com\/index.php?rest_route=%2Fwp%2Fv2%2Fmedia&parent=2277"}],"curies":[{"name":"wp","href":"https:\/\/api.w.org\/{rel}","templated":true}]}}