{"id":2182,"date":"2020-01-02T19:43:23","date_gmt":"2020-01-02T18:43:23","guid":{"rendered":"https:\/\/motorutapirineos.com\/?page_id=2182"},"modified":"2024-07-09T23:20:49","modified_gmt":"2024-07-09T21:20:49","slug":"alojamientos","status":"publish","type":"page","link":"https:\/\/motorutapirineos.com\/?page_id=2182","title":{"rendered":"ALOJAMIENTOS"},"content":{"rendered":"<p>[vc_row][vc_column width=\u00bb1\/5&#8243;][\/vc_column][vc_column width=\u00bb3\/5&#8243;][vc_column_text]<\/p>\n<h2>Apartamento rural Casa Las Cazcarras (m\u00ednimo 2 noches)<\/h2>\n<p>Las Cazcarras es el resultado de la rehabilitaci\u00f3n respetuosa de una casa con m\u00e1s de 300 a\u00f1os de antig\u00fcedad, ubicada en pleno coraz\u00f3n de los Pirineos. Esta casa es ideal para tomarla como campo base de todas nuestras rutas. Cinco os aconsejamos si ven\u00eds de junio a noviembre. Tres si vuestra visita es en temporada invernal. Todas las rutas son circulares. Tambi\u00e9n os podemos organizar rutas personalizadas seg\u00fan vuestro estilo de moto y vuestra experienca.<\/p>\n<p><img loading=\"lazy\" decoding=\"async\" class=\"wp-image-3306 size-full aligncenter\" src=\"https:\/\/motorutapirineos.com\/wp-content\/uploads\/2021\/05\/motohotel-paisaje-junto-a-hotel2.jpg\" alt=\"Badain\" width=\"2048\" height=\"1351\" srcset=\"https:\/\/motorutapirineos.com\/wp-content\/uploads\/2021\/05\/motohotel-paisaje-junto-a-hotel2.jpg 2048w, https:\/\/motorutapirineos.com\/wp-content\/uploads\/2021\/05\/motohotel-paisaje-junto-a-hotel2-300x198.jpg 300w, https:\/\/motorutapirineos.com\/wp-content\/uploads\/2021\/05\/motohotel-paisaje-junto-a-hotel2-1024x676.jpg 1024w, https:\/\/motorutapirineos.com\/wp-content\/uploads\/2021\/05\/motohotel-paisaje-junto-a-hotel2-768x507.jpg 768w, https:\/\/motorutapirineos.com\/wp-content\/uploads\/2021\/05\/motohotel-paisaje-junto-a-hotel2-1536x1013.jpg 1536w\" sizes=\"auto, (max-width: 2048px) 100vw, 2048px\" \/><\/p>\n<h2>Poblaci\u00f3n de Bada\u00edn (Huesca)<\/h2>\n<p>&nbsp;<\/p>\n<p><img loading=\"lazy\" decoding=\"async\" class=\"size-full wp-image-3555 aligncenter\" src=\"https:\/\/motorutapirineos.com\/wp-content\/uploads\/2022\/03\/habitacion-las-cazcarras.jpg\" alt=\"Habitaci\u00f3n Las Cazcarras\" width=\"1000\" height=\"1000\" srcset=\"https:\/\/motorutapirineos.com\/wp-content\/uploads\/2022\/03\/habitacion-las-cazcarras.jpg 1000w, https:\/\/motorutapirineos.com\/wp-content\/uploads\/2022\/03\/habitacion-las-cazcarras-300x300.jpg 300w, https:\/\/motorutapirineos.com\/wp-content\/uploads\/2022\/03\/habitacion-las-cazcarras-150x150.jpg 150w, https:\/\/motorutapirineos.com\/wp-content\/uploads\/2022\/03\/habitacion-las-cazcarras-768x768.jpg 768w\" sizes=\"auto, (max-width: 1000px) 100vw, 1000px\" \/><\/p>\n<h2>Habitaci\u00f3n las Cazcarras<\/h2>\n<p>&nbsp;<\/p>\n<h3 style=\"text-align: center;\">Si quer\u00e9is reservar el apartamento rural Casa Las Cazcarras, env\u00eda un mail a <span style=\"color: #000080;\"><a style=\"color: #000080;\" href=\"mailto:c.cazcarra@gmail.com\">c.cazcarra@gmail.com<\/a><\/span> Indicar en el mismo si est\u00e1is interesados en hacer rutas en moto.<\/h3>\n<h3 style=\"text-align: center;\"><span style=\"color: #000080;\"><a style=\"color: #000080;\" href=\"https:\/\/www.airbnb.es\/rooms\/50025067?check_in=2024-07-09&amp;check_out=2024-07-14&amp;guests=1&amp;adults=1&amp;s=67&amp;unique_share_id=6400c3ff-6e37-4bbc-9053-413ef5e793eb\">Rese\u00f1as de airbnb<\/a><\/span><\/h3>\n<p>&nbsp;<\/p>\n<hr \/>\n<p>&nbsp;<\/p>\n<h2>Casas de Zapatierno (m\u00ednimo 2 noches)<\/h2>\n<p>&nbsp;<\/p>\n<p>Si est\u00e1is en este apartado, a buen seguro las motos forman parte de vuestra vida, pero si adem\u00e1s de disfrutar sobre las dos ruedas, busc\u00e1is un lugar donde la paz y el entorno a\u00f1aden un plus a vuestras experiencias,\u00a0 contactar con Carmen, ella te informar\u00e1 de todas las posibilidades que se os brindan.<\/p>\n<div class=\"elementor-element elementor-element-0faacae elementor-widget elementor-widget-heading\" data-id=\"0faacae\" data-element_type=\"widget\" data-widget_type=\"heading.default\">\n<div class=\"elementor-widget-container\">\n<h2 class=\"elementor-heading-title elementor-size-default\">Felices de daros la bienvenida<\/h2>\n<\/div>\n<\/div>\n<div class=\"elementor-element elementor-element-f52c28c elementor-widget elementor-widget-text-editor\" data-id=\"f52c28c\" data-element_type=\"widget\" data-widget_type=\"text-editor.default\">\n<div class=\"elementor-widget-container\">\n<div class=\"elementor-text-editor elementor-clearfix\">\n<p>Casas de Zapatierno ha acogido a seres humanos venidos de todos los rincones del mundo. Algunos exploradores, otros yoguis, monta\u00f1eros, deportistas, escritores, familias, fot\u00f3grafos, motoristas\u2026 Damos la bienvenida a todas las personas con una sonrisa en el coraz\u00f3n, agradecidos de que el viaje de la vida os haya tra\u00eddo hasta nuestro m\u00e1gico rinc\u00f3n.<\/p>\n<\/div>\n<\/div>\n<div id=\"attachment_3569\" style=\"width: 794px\" class=\"wp-caption aligncenter\"><img loading=\"lazy\" decoding=\"async\" aria-describedby=\"caption-attachment-3569\" class=\"size-full wp-image-3569\" src=\"https:\/\/motorutapirineos.com\/wp-content\/uploads\/2022\/03\/casas-de-zapatierno.png\" alt=\"\" width=\"784\" height=\"952\" srcset=\"https:\/\/motorutapirineos.com\/wp-content\/uploads\/2022\/03\/casas-de-zapatierno.png 784w, https:\/\/motorutapirineos.com\/wp-content\/uploads\/2022\/03\/casas-de-zapatierno-247x300.png 247w, https:\/\/motorutapirineos.com\/wp-content\/uploads\/2022\/03\/casas-de-zapatierno-768x933.png 768w\" sizes=\"auto, (max-width: 784px) 100vw, 784px\" \/><p id=\"caption-attachment-3569\" class=\"wp-caption-text\">Espectacular enclave de las Casas de Zapatierno junto al Monte Perdido<\/p><\/div>\n<h3 style=\"text-align: center;\">Si quer\u00e9is reservar en Casas de Zapatierno pod\u00e9is hacerlo desde su <span style=\"color: #000080;\"><a style=\"color: #000080;\" href=\"https:\/\/casasdezapatierno.com\/reservas.html\">motor de reservas<\/a><\/span>. En observaciones indicar que sois moter@s.<\/h3>\n<div class=\"elementor-element elementor-element-f52c28c elementor-widget elementor-widget-text-editor\" data-id=\"f52c28c\" data-element_type=\"widget\" data-widget_type=\"text-editor.default\">\n<div class=\"elementor-widget-container\"><\/div>\n<\/div>\n<\/div>\n<p>[\/vc_column_text][vc_separator][vc_column_text]<\/p>\n<h2 style=\"text-align: center;\">Habitaci\u00f3n del Viajero<\/h2>\n<p>La habitaci\u00f3n del viajero es una habitaci\u00f3n privada para vosotros dentro de nuestra casa rural. Esta habitaci\u00f3n, en sus inicios, fue utilizada por el anfitri\u00f3n como agencia de viajes de rutas de monta\u00f1as, de ah\u00ed su nombre y la decoraci\u00f3n de la misma. En ella encontrar\u00e9is numerosas gu\u00edas y libros de viajes.<br \/>\nLa habitaci\u00f3n consta de dos secciones: sal\u00f3n y un altillo donde se encuentra la cama de matrimonio. Junto a la habitaci\u00f3n est\u00e1 vuestro ba\u00f1o privado.<\/p>\n<p><img loading=\"lazy\" decoding=\"async\" class=\"alignnone size-full wp-image-3637\" src=\"https:\/\/motorutapirineos.com\/wp-content\/uploads\/2024\/07\/habitacion-viajero.jpg\" alt=\"Habitaci\u00f3n viajero\" width=\"1536\" height=\"2048\" srcset=\"https:\/\/motorutapirineos.com\/wp-content\/uploads\/2024\/07\/habitacion-viajero.jpg 1536w, https:\/\/motorutapirineos.com\/wp-content\/uploads\/2024\/07\/habitacion-viajero-225x300.jpg 225w, https:\/\/motorutapirineos.com\/wp-content\/uploads\/2024\/07\/habitacion-viajero-768x1024.jpg 768w, https:\/\/motorutapirineos.com\/wp-content\/uploads\/2024\/07\/habitacion-viajero-1152x1536.jpg 1152w\" sizes=\"auto, (max-width: 1536px) 100vw, 1536px\" \/><\/p>\n<p><strong>Realiza la reserva <a href=\"mailto:rutometro.tomas@gmail.com\">aqu\u00ed\u00a0<\/a><\/strong>[\/vc_column_text][\/vc_column][vc_column width=\u00bb1\/5&#8243;][\/vc_column][\/vc_row][vc_row content_placement=\u00bbmiddle\u00bb][vc_column][\/vc_column][\/vc_row][vc_row][vc_column width=\u00bb1\/5&#8243;][\/vc_column][vc_column width=\u00bb1\/5&#8243;][\/vc_column][\/vc_row][vc_row][vc_column][vc_column_text]<\/p>\n<p>[\/vc_column_text][\/vc_column][\/vc_row]<\/p>\n","protected":false},"excerpt":{"rendered":"<p>[vc_row][vc_column width=\u00bb1\/5&#8243;][\/vc_column][vc_column width=\u00bb3\/5&#8243;][vc_column_text] Apartamento rural Casa Las Cazcarras (m\u00ednimo 2 noches) Las Cazcarras es el resultado de la rehabilitaci\u00f3n respetuosa de una casa con m\u00e1s de 300 a\u00f1os de antig\u00fcedad, ubicada en pleno coraz\u00f3n de los Pirineos. Esta casa es ideal para tomarla como campo base de todas nuestras rutas. Cinco os aconsejamos si ven\u00eds&hellip;<\/p>\n","protected":false},"author":1,"featured_media":0,"parent":0,"menu_order":0,"comment_status":"closed","ping_status":"closed","template":"","meta":[],"class_list":["post-2182","page","type-page","status-publish","hentry","description-off"],"yoast_head":"<!-- This site is optimized with the Yoast SEO plugin v24.3 - https:\/\/yoast.com\/wordpress\/plugins\/seo\/ -->\n<title>ALOJAMIENTOS<\/title>\n<meta name=\"description\" content=\"Todas nuestras rutas han sido trazadas desde nuestro campo base: la habitaci\u00f3n del viajero. Te animamos a que vengas a visitarnos\" \/>\n<meta name=\"robots\" content=\"index, follow, max-snippet:-1, max-image-preview:large, max-video-preview:-1\" \/>\n<link rel=\"canonical\" href=\"https:\/\/motorutapirineos.com\/?page_id=2182\" \/>\n<meta property=\"og:locale\" content=\"es_ES\" \/>\n<meta property=\"og:type\" content=\"article\" \/>\n<meta property=\"og:title\" content=\"ALOJAMIENTOS\" \/>\n<meta property=\"og:description\" content=\"Todas nuestras rutas han sido trazadas desde nuestro campo base: la habitaci\u00f3n del viajero. Te animamos a que vengas a visitarnos\" \/>\n<meta property=\"og:url\" content=\"https:\/\/motorutapirineos.com\/?page_id=2182\" \/>\n<meta property=\"og:site_name\" content=\"Moto Ruta Pirineos\" \/>\n<meta property=\"article:modified_time\" content=\"2024-07-09T21:20:49+00:00\" \/>\n<meta property=\"og:image\" content=\"https:\/\/motorutapirineos.com\/wp-content\/uploads\/2021\/05\/motohotel-paisaje-junto-a-hotel2.jpg\" \/>\n<meta name=\"twitter:card\" content=\"summary_large_image\" \/>\n<meta name=\"twitter:label1\" content=\"Tiempo de lectura\" \/>\n\t<meta name=\"twitter:data1\" content=\"3 minutos\" \/>\n<script type=\"application\/ld+json\" class=\"yoast-schema-graph\">{\"@context\":\"https:\/\/schema.org\",\"@graph\":[{\"@type\":\"WebPage\",\"@id\":\"https:\/\/motorutapirineos.com\/?page_id=2182\",\"url\":\"https:\/\/motorutapirineos.com\/?page_id=2182\",\"name\":\"ALOJAMIENTOS\",\"isPartOf\":{\"@id\":\"https:\/\/motorutapirineos.com\/#website\"},\"primaryImageOfPage\":{\"@id\":\"https:\/\/motorutapirineos.com\/?page_id=2182#primaryimage\"},\"image\":{\"@id\":\"https:\/\/motorutapirineos.com\/?page_id=2182#primaryimage\"},\"thumbnailUrl\":\"https:\/\/motorutapirineos.com\/wp-content\/uploads\/2021\/05\/motohotel-paisaje-junto-a-hotel2.jpg\",\"datePublished\":\"2020-01-02T18:43:23+00:00\",\"dateModified\":\"2024-07-09T21:20:49+00:00\",\"description\":\"Todas nuestras rutas han sido trazadas desde nuestro campo base: la habitaci\u00f3n del viajero. Te animamos a que vengas a visitarnos\",\"inLanguage\":\"es\",\"potentialAction\":[{\"@type\":\"ReadAction\",\"target\":[\"https:\/\/motorutapirineos.com\/?page_id=2182\"]}]},{\"@type\":\"ImageObject\",\"inLanguage\":\"es\",\"@id\":\"https:\/\/motorutapirineos.com\/?page_id=2182#primaryimage\",\"url\":\"https:\/\/motorutapirineos.com\/wp-content\/uploads\/2021\/05\/motohotel-paisaje-junto-a-hotel2.jpg\",\"contentUrl\":\"https:\/\/motorutapirineos.com\/wp-content\/uploads\/2021\/05\/motohotel-paisaje-junto-a-hotel2.jpg\",\"width\":2048,\"height\":1351},{\"@type\":\"WebSite\",\"@id\":\"https:\/\/motorutapirineos.com\/#website\",\"url\":\"https:\/\/motorutapirineos.com\/\",\"name\":\"Moto Ruta Pirineos\",\"description\":\"Ruta para motos y alojamiento para moteros\",\"potentialAction\":[{\"@type\":\"SearchAction\",\"target\":{\"@type\":\"EntryPoint\",\"urlTemplate\":\"https:\/\/motorutapirineos.com\/?s={search_term_string}\"},\"query-input\":{\"@type\":\"PropertyValueSpecification\",\"valueRequired\":true,\"valueName\":\"search_term_string\"}}],\"inLanguage\":\"es\"}]}<\/script>\n<!-- \/ Yoast SEO plugin. -->","yoast_head_json":{"title":"ALOJAMIENTOS","description":"Todas nuestras rutas han sido trazadas desde nuestro campo base: la habitaci\u00f3n del viajero. Te animamos a que vengas a visitarnos","robots":{"index":"index","follow":"follow","max-snippet":"max-snippet:-1","max-image-preview":"max-image-preview:large","max-video-preview":"max-video-preview:-1"},"canonical":"https:\/\/motorutapirineos.com\/?page_id=2182","og_locale":"es_ES","og_type":"article","og_title":"ALOJAMIENTOS","og_description":"Todas nuestras rutas han sido trazadas desde nuestro campo base: la habitaci\u00f3n del viajero. Te animamos a que vengas a visitarnos","og_url":"https:\/\/motorutapirineos.com\/?page_id=2182","og_site_name":"Moto Ruta Pirineos","article_modified_time":"2024-07-09T21:20:49+00:00","og_image":[{"url":"https:\/\/motorutapirineos.com\/wp-content\/uploads\/2021\/05\/motohotel-paisaje-junto-a-hotel2.jpg","type":"","width":"","height":""}],"twitter_card":"summary_large_image","twitter_misc":{"Tiempo de lectura":"3 minutos"},"schema":{"@context":"https:\/\/schema.org","@graph":[{"@type":"WebPage","@id":"https:\/\/motorutapirineos.com\/?page_id=2182","url":"https:\/\/motorutapirineos.com\/?page_id=2182","name":"ALOJAMIENTOS","isPartOf":{"@id":"https:\/\/motorutapirineos.com\/#website"},"primaryImageOfPage":{"@id":"https:\/\/motorutapirineos.com\/?page_id=2182#primaryimage"},"image":{"@id":"https:\/\/motorutapirineos.com\/?page_id=2182#primaryimage"},"thumbnailUrl":"https:\/\/motorutapirineos.com\/wp-content\/uploads\/2021\/05\/motohotel-paisaje-junto-a-hotel2.jpg","datePublished":"2020-01-02T18:43:23+00:00","dateModified":"2024-07-09T21:20:49+00:00","description":"Todas nuestras rutas han sido trazadas desde nuestro campo base: la habitaci\u00f3n del viajero. Te animamos a que vengas a visitarnos","inLanguage":"es","potentialAction":[{"@type":"ReadAction","target":["https:\/\/motorutapirineos.com\/?page_id=2182"]}]},{"@type":"ImageObject","inLanguage":"es","@id":"https:\/\/motorutapirineos.com\/?page_id=2182#primaryimage","url":"https:\/\/motorutapirineos.com\/wp-content\/uploads\/2021\/05\/motohotel-paisaje-junto-a-hotel2.jpg","contentUrl":"https:\/\/motorutapirineos.com\/wp-content\/uploads\/2021\/05\/motohotel-paisaje-junto-a-hotel2.jpg","width":2048,"height":1351},{"@type":"WebSite","@id":"https:\/\/motorutapirineos.com\/#website","url":"https:\/\/motorutapirineos.com\/","name":"Moto Ruta Pirineos","description":"Ruta para motos y alojamiento para moteros","potentialAction":[{"@type":"SearchAction","target":{"@type":"EntryPoint","urlTemplate":"https:\/\/motorutapirineos.com\/?s={search_term_string}"},"query-input":{"@type":"PropertyValueSpecification","valueRequired":true,"valueName":"search_term_string"}}],"inLanguage":"es"}]}},"_links":{"self":[{"href":"https:\/\/motorutapirineos.com\/index.php?rest_route=\/wp\/v2\/pages\/2182","targetHints":{"allow":["GET"]}}],"collection":[{"href":"https:\/\/motorutapirineos.com\/index.php?rest_route=\/wp\/v2\/pages"}],"about":[{"href":"https:\/\/motorutapirineos.com\/index.php?rest_route=\/wp\/v2\/types\/page"}],"author":[{"embeddable":true,"href":"https:\/\/motorutapirineos.com\/index.php?rest_route=\/wp\/v2\/users\/1"}],"replies":[{"embeddable":true,"href":"https:\/\/motorutapirineos.com\/index.php?rest_route=%2Fwp%2Fv2%2Fcomments&post=2182"}],"version-history":[{"count":46,"href":"https:\/\/motorutapirineos.com\/index.php?rest_route=\/wp\/v2\/pages\/2182\/revisions"}],"predecessor-version":[{"id":3638,"href":"https:\/\/motorutapirineos.com\/index.php?rest_route=\/wp\/v2\/pages\/2182\/revisions\/3638"}],"wp:attachment":[{"href":"https:\/\/motorutapirineos.com\/index.php?rest_route=%2Fwp%2Fv2%2Fmedia&parent=2182"}],"curies":[{"name":"wp","href":"https:\/\/api.w.org\/{rel}","templated":true}]}}